{"id":1534,"date":"2024-12-16T10:59:11","date_gmt":"2024-12-16T10:59:11","guid":{"rendered":"https:\/\/jadeclaireescort.com\/impressum\/"},"modified":"2026-02-24T14:07:24","modified_gmt":"2026-02-24T14:07:24","slug":"impressum","status":"publish","type":"page","link":"https:\/\/jadeclaireescort.com\/de\/impressum\/","title":{"rendered":"Rechtliche Hinweise (Impressum)"},"content":{"rendered":"\t\t<div data-elementor-type=\"wp-page\" data-elementor-id=\"1534\" class=\"elementor elementor-1534 elementor-31\" data-elementor-post-type=\"page\">\n\t\t\t\t<div class=\"elementor-element elementor-element-337a21b e-flex e-con-boxed e-con e-parent\" data-id=\"337a21b\" data-element_type=\"container\" data-e-type=\"container\">\n\t\t\t\t\t<div class=\"e-con-inner\">\n\t\t\t\t<div class=\"elementor-element elementor-element-ea1d3a7 elementor-widget elementor-widget-text-editor\" data-id=\"ea1d3a7\" data-element_type=\"widget\" data-e-type=\"widget\" data-widget_type=\"text-editor.default\">\n\t\t\t\t<div class=\"elementor-widget-container\">\n\t\t\t\t\t\t\t\t\t<h3 data-start=\"1876\" data-end=\"1887\">Kontakt<\/h3><p data-start=\"1889\" data-end=\"1921\"><strong data-start=\"1889\" data-end=\"1898\">Tel.:<\/strong><br data-start=\"1898\" data-end=\"1901\" \/>+44 (0)7845 424363<\/p><p data-start=\"1923\" data-end=\"1967\"><strong data-start=\"1923\" data-end=\"1934\">E-Mail:<\/strong><br data-start=\"1934\" data-end=\"1937\" \/><a class=\"decorated-link cursor-pointer\" rel=\"noopener\" data-start=\"1937\" data-end=\"1965\">info@internationalconsult.eu<\/a><\/p><p data-start=\"1969\" data-end=\"2008\">T\u00e4glich 10:00 bis 19:00 Uhr verf\u00fcgbar<\/p><hr data-start=\"2010\" data-end=\"2013\" \/><h3 data-start=\"2015\" data-end=\"2040\">Angaben gem\u00e4\u00df \u00a7 5 DDG<\/h3><p data-start=\"2042\" data-end=\"2103\"><strong data-start=\"2042\" data-end=\"2103\">Gesch\u00e4ftsanschrift der Escort Agentur Jade Claire Escort:<\/strong><\/p><p data-start=\"2105\" data-end=\"2237\">Jade Claire Escort<br data-start=\"2123\" data-end=\"2126\" \/>c\/o SE International Consult Ltd.<br data-start=\"2159\" data-end=\"2162\" \/>7 Old School Mews<br data-start=\"2179\" data-end=\"2182\" \/>Kennington TN24 9ES<br data-start=\"2201\" data-end=\"2204\" \/>Ashford, Vereinigtes K\u00f6nigreich<\/p><hr data-start=\"2239\" data-end=\"2242\" \/><h3 data-start=\"2244\" data-end=\"2293\">Vertragliche Hinweise &amp; Vermittlungst\u00e4tigkeit<\/h3><p data-start=\"2295\" data-end=\"2708\">Wir weisen h\u00f6flich darauf hin, dass die Agentur Jade Claire Escort ausschlie\u00dflich als Vermittlungsinstanz fungiert. Ein Dienstleistungsvertrag kommt stets unmittelbar und ausschlie\u00dflich zwischen dem Kunden und der jeweiligen Begleitperson zustande. Die T\u00e4tigkeit der Agentur beschr\u00e4nkt sich auf die Zusammenf\u00fchrung und Terminorganisation; der Vertragsabschluss erfolgt im Namen und auf Rechnung der Begleitperson.<\/p><hr data-start=\"2710\" data-end=\"2713\" \/><h3 data-start=\"2715\" data-end=\"2742\">Internationaler Hinweis<\/h3><p data-start=\"2744\" data-end=\"3041\">Der Umfang der Dienstleistungen richtet sich nach den individuellen W\u00fcnschen der Kunden sowie den jeweils geltenden Gesetzen vor Ort. In L\u00e4ndern, in denen bestimmte Dienstleistungen gesetzlich untersagt sind, agieren die unabh\u00e4ngigen Models ausschlie\u00dflich als Reise-, Dinner- oder Eventbegleitung.<\/p><hr data-start=\"3043\" data-end=\"3046\" \/><h3 data-start=\"3048\" data-end=\"3095\">Rechtliche Hinweise zu Blog &amp; St\u00e4dte-Guides<\/h3><p data-start=\"3097\" data-end=\"3532\">S\u00e4mtliche Inhalte in unserem Magazin, den Blogbeitr\u00e4gen sowie den St\u00e4dte-Guides dienen ausschlie\u00dflich der allgemeinen Information und Unterhaltung. Diese fiktiven oder informativen Texte stellen keine konkreten Gesch\u00e4ftsangebote oder Werbung f\u00fcr die Vermittlung dar. Die Nutzung dieser Informationen erfolgt auf eigene Verantwortung; die Agentur \u00fcbernimmt keine Gew\u00e4hr f\u00fcr die Aktualit\u00e4t oder Richtigkeit dieser redaktionellen Inhalte.<\/p>\t\t\t\t\t\t\t\t<\/div>\n\t\t\t\t<\/div>\n\t\t\t\t\t<\/div>\n\t\t\t\t<\/div>\n\t\t\t\t<\/div>\n\t\t","protected":false},"excerpt":{"rendered":"<p>Kontakt Tel.:+44 (0)7845 424363 E-Mail:info@internationalconsult.eu T\u00e4glich 10:00 bis 19:00 Uhr verf\u00fcgbar Angaben gem\u00e4\u00df \u00a7 5 DDG Gesch\u00e4ftsanschrift der Escort Agentur Jade Claire Escort: Jade Claire Escortc\/o SE International Consult Ltd.7 Old School MewsKennington TN24 9ESAshford, Vereinigtes K\u00f6nigreich Vertragliche Hinweise &amp; Vermittlungst\u00e4tigkeit Wir weisen h\u00f6flich darauf hin, dass die Agentur Jade Claire Escort ausschlie\u00dflich als Vermittlungsinstanz [&hellip;]<\/p>\n","protected":false},"author":1,"featured_media":0,"parent":0,"menu_order":0,"comment_status":"closed","ping_status":"closed","template":"","meta":{"footnotes":""},"class_list":["post-1534","page","type-page","status-publish","hentry"],"yoast_head":"<!-- This site is optimized with the Yoast SEO plugin v25.3.1 - https:\/\/yoast.com\/wordpress\/plugins\/seo\/ -->\n<title>Rechtliche Hinweise (Impressum) | Jade Claire Escort<\/title>\n<meta name=\"robots\" content=\"index, follow, max-snippet:-1, max-image-preview:large, max-video-preview:-1\" \/>\n<link rel=\"canonical\" href=\"https:\/\/jadeclaireescort.com\/de\/impressum\/\" \/>\n<meta property=\"og:locale\" content=\"de_DE\" \/>\n<meta property=\"og:type\" content=\"article\" \/>\n<meta property=\"og:title\" content=\"Rechtliche Hinweise (Impressum) | Jade Claire Escort\" \/>\n<meta property=\"og:description\" content=\"Kontakt Tel.:+44 (0)7845 424363 E-Mail:info@internationalconsult.eu T\u00e4glich 10:00 bis 19:00 Uhr verf\u00fcgbar Angaben gem\u00e4\u00df \u00a7 5 DDG Gesch\u00e4ftsanschrift der Escort Agentur Jade Claire Escort: Jade Claire Escortc\/o SE International Consult Ltd.7 Old School MewsKennington TN24 9ESAshford, Vereinigtes K\u00f6nigreich Vertragliche Hinweise &amp; Vermittlungst\u00e4tigkeit Wir weisen h\u00f6flich darauf hin, dass die Agentur Jade Claire Escort ausschlie\u00dflich als Vermittlungsinstanz [&hellip;]\" \/>\n<meta property=\"og:url\" content=\"https:\/\/jadeclaireescort.com\/de\/impressum\/\" \/>\n<meta property=\"og:site_name\" content=\"Jade Claire Escort\" \/>\n<meta property=\"article:modified_time\" content=\"2026-02-24T14:07:24+00:00\" \/>\n<meta name=\"twitter:card\" content=\"summary_large_image\" \/>\n<meta name=\"twitter:label1\" content=\"Gesch\u00e4tzte Lesezeit\" \/>\n\t<meta name=\"twitter:data1\" content=\"1\u00a0Minute\" \/>\n<script type=\"application\/ld+json\" class=\"yoast-schema-graph\">{\"@context\":\"https:\/\/schema.org\",\"@graph\":[{\"@type\":\"WebPage\",\"@id\":\"https:\/\/jadeclaireescort.com\/de\/impressum\/\",\"url\":\"https:\/\/jadeclaireescort.com\/de\/impressum\/\",\"name\":\"Rechtliche Hinweise (Impressum) | Jade Claire Escort\",\"isPartOf\":{\"@id\":\"https:\/\/jadeclaireescort.com\/de\/#website\"},\"datePublished\":\"2024-12-16T10:59:11+00:00\",\"dateModified\":\"2026-02-24T14:07:24+00:00\",\"breadcrumb\":{\"@id\":\"https:\/\/jadeclaireescort.com\/de\/impressum\/#breadcrumb\"},\"inLanguage\":\"de\",\"potentialAction\":[{\"@type\":\"ReadAction\",\"target\":[\"https:\/\/jadeclaireescort.com\/de\/impressum\/\"]}]},{\"@type\":\"BreadcrumbList\",\"@id\":\"https:\/\/jadeclaireescort.com\/de\/impressum\/#breadcrumb\",\"itemListElement\":[{\"@type\":\"ListItem\",\"position\":1,\"name\":\"Home\",\"item\":\"https:\/\/jadeclaireescort.com\/de\/\"},{\"@type\":\"ListItem\",\"position\":2,\"name\":\"Rechtliche Hinweise (Impressum)\"}]},{\"@type\":\"WebSite\",\"@id\":\"https:\/\/jadeclaireescort.com\/de\/#website\",\"url\":\"https:\/\/jadeclaireescort.com\/de\/\",\"name\":\"Jade Claire Escort\",\"description\":\"\",\"publisher\":{\"@id\":\"https:\/\/jadeclaireescort.com\/de\/#organization\"},\"potentialAction\":[{\"@type\":\"SearchAction\",\"target\":{\"@type\":\"EntryPoint\",\"urlTemplate\":\"https:\/\/jadeclaireescort.com\/de\/?s={search_term_string}\"},\"query-input\":{\"@type\":\"PropertyValueSpecification\",\"valueRequired\":true,\"valueName\":\"search_term_string\"}}],\"inLanguage\":\"de\"},{\"@type\":\"Organization\",\"@id\":\"https:\/\/jadeclaireescort.com\/de\/#organization\",\"name\":\"Jade Claire Escort\",\"url\":\"https:\/\/jadeclaireescort.com\/de\/\",\"logo\":{\"@type\":\"ImageObject\",\"inLanguage\":\"de\",\"@id\":\"https:\/\/jadeclaireescort.com\/de\/#\/schema\/logo\/image\/\",\"url\":\"https:\/\/jadeclaireescort.com\/wp-content\/uploads\/2025\/01\/juodas.png?wsr\",\"contentUrl\":\"https:\/\/jadeclaireescort.com\/wp-content\/uploads\/2025\/01\/juodas.png?wsr\",\"width\":777,\"height\":166,\"caption\":\"Jade Claire Escort\"},\"image\":{\"@id\":\"https:\/\/jadeclaireescort.com\/de\/#\/schema\/logo\/image\/\"}}]}<\/script>\n<!-- \/ Yoast SEO plugin. -->","yoast_head_json":{"title":"Rechtliche Hinweise (Impressum) | Jade Claire Escort","robots":{"index":"index","follow":"follow","max-snippet":"max-snippet:-1","max-image-preview":"max-image-preview:large","max-video-preview":"max-video-preview:-1"},"canonical":"https:\/\/jadeclaireescort.com\/de\/impressum\/","og_locale":"de_DE","og_type":"article","og_title":"Rechtliche Hinweise (Impressum) | Jade Claire Escort","og_description":"Kontakt Tel.:+44 (0)7845 424363 E-Mail:info@internationalconsult.eu T\u00e4glich 10:00 bis 19:00 Uhr verf\u00fcgbar Angaben gem\u00e4\u00df \u00a7 5 DDG Gesch\u00e4ftsanschrift der Escort Agentur Jade Claire Escort: Jade Claire Escortc\/o SE International Consult Ltd.7 Old School MewsKennington TN24 9ESAshford, Vereinigtes K\u00f6nigreich Vertragliche Hinweise &amp; Vermittlungst\u00e4tigkeit Wir weisen h\u00f6flich darauf hin, dass die Agentur Jade Claire Escort ausschlie\u00dflich als Vermittlungsinstanz [&hellip;]","og_url":"https:\/\/jadeclaireescort.com\/de\/impressum\/","og_site_name":"Jade Claire Escort","article_modified_time":"2026-02-24T14:07:24+00:00","twitter_card":"summary_large_image","twitter_misc":{"Gesch\u00e4tzte Lesezeit":"1\u00a0Minute"},"schema":{"@context":"https:\/\/schema.org","@graph":[{"@type":"WebPage","@id":"https:\/\/jadeclaireescort.com\/de\/impressum\/","url":"https:\/\/jadeclaireescort.com\/de\/impressum\/","name":"Rechtliche Hinweise (Impressum) | Jade Claire Escort","isPartOf":{"@id":"https:\/\/jadeclaireescort.com\/de\/#website"},"datePublished":"2024-12-16T10:59:11+00:00","dateModified":"2026-02-24T14:07:24+00:00","breadcrumb":{"@id":"https:\/\/jadeclaireescort.com\/de\/impressum\/#breadcrumb"},"inLanguage":"de","potentialAction":[{"@type":"ReadAction","target":["https:\/\/jadeclaireescort.com\/de\/impressum\/"]}]},{"@type":"BreadcrumbList","@id":"https:\/\/jadeclaireescort.com\/de\/impressum\/#breadcrumb","itemListElement":[{"@type":"ListItem","position":1,"name":"Home","item":"https:\/\/jadeclaireescort.com\/de\/"},{"@type":"ListItem","position":2,"name":"Rechtliche Hinweise (Impressum)"}]},{"@type":"WebSite","@id":"https:\/\/jadeclaireescort.com\/de\/#website","url":"https:\/\/jadeclaireescort.com\/de\/","name":"Jade Claire Escort","description":"","publisher":{"@id":"https:\/\/jadeclaireescort.com\/de\/#organization"},"potentialAction":[{"@type":"SearchAction","target":{"@type":"EntryPoint","urlTemplate":"https:\/\/jadeclaireescort.com\/de\/?s={search_term_string}"},"query-input":{"@type":"PropertyValueSpecification","valueRequired":true,"valueName":"search_term_string"}}],"inLanguage":"de"},{"@type":"Organization","@id":"https:\/\/jadeclaireescort.com\/de\/#organization","name":"Jade Claire Escort","url":"https:\/\/jadeclaireescort.com\/de\/","logo":{"@type":"ImageObject","inLanguage":"de","@id":"https:\/\/jadeclaireescort.com\/de\/#\/schema\/logo\/image\/","url":"https:\/\/jadeclaireescort.com\/wp-content\/uploads\/2025\/01\/juodas.png?wsr","contentUrl":"https:\/\/jadeclaireescort.com\/wp-content\/uploads\/2025\/01\/juodas.png?wsr","width":777,"height":166,"caption":"Jade Claire Escort"},"image":{"@id":"https:\/\/jadeclaireescort.com\/de\/#\/schema\/logo\/image\/"}}]}},"_links":{"self":[{"href":"https:\/\/jadeclaireescort.com\/de\/wp-json\/wp\/v2\/pages\/1534","targetHints":{"allow":["GET"]}}],"collection":[{"href":"https:\/\/jadeclaireescort.com\/de\/wp-json\/wp\/v2\/pages"}],"about":[{"href":"https:\/\/jadeclaireescort.com\/de\/wp-json\/wp\/v2\/types\/page"}],"author":[{"embeddable":true,"href":"https:\/\/jadeclaireescort.com\/de\/wp-json\/wp\/v2\/users\/1"}],"replies":[{"embeddable":true,"href":"https:\/\/jadeclaireescort.com\/de\/wp-json\/wp\/v2\/comments?post=1534"}],"version-history":[{"count":17,"href":"https:\/\/jadeclaireescort.com\/de\/wp-json\/wp\/v2\/pages\/1534\/revisions"}],"predecessor-version":[{"id":3481,"href":"https:\/\/jadeclaireescort.com\/de\/wp-json\/wp\/v2\/pages\/1534\/revisions\/3481"}],"wp:attachment":[{"href":"https:\/\/jadeclaireescort.com\/de\/wp-json\/wp\/v2\/media?parent=1534"}],"curies":[{"name":"wp","href":"https:\/\/api.w.org\/{rel}","templated":true}]}}